{"id":53,"date":"2023-06-23T08:49:17","date_gmt":"2023-06-23T05:49:17","guid":{"rendered":"http:\/\/www.hannahujanen.com\/?page_id=53"},"modified":"2025-04-09T20:48:53","modified_gmt":"2025-04-09T17:48:53","slug":"tapahtumat","status":"publish","type":"page","link":"http:\/\/www.hannahujanen.com\/?page_id=53","title":{"rendered":"Tapahtumat"},"content":{"rendered":"\t\t<div data-elementor-type=\"wp-page\" data-elementor-id=\"53\" class=\"elementor elementor-53\">\n\t\t\t\t\t\t\t\t\t<section class=\"elementor-section elementor-top-section elementor-element elementor-element-5ef4570 elementor-reverse-mobile elementor-section-boxed elementor-section-height-default elementor-section-height-default\" data-id=\"5ef4570\" data-element_type=\"section\">\n\t\t\t\t\t\t<div class=\"elementor-container elementor-column-gap-no\">\n\t\t\t\t\t<div class=\"elementor-column elementor-col-50 elementor-top-column elementor-element elementor-element-612fc4c9\" data-id=\"612fc4c9\" data-element_type=\"column\">\n\t\t\t<div class=\"elementor-widget-wrap elementor-element-populated\">\n\t\t\t\t\t\t\t\t<div class=\"elementor-element elementor-element-6cadbd53 elementor-widget elementor-widget-heading\" data-id=\"6cadbd53\" data-element_type=\"widget\" data-widget_type=\"heading.default\">\n\t\t\t\t<div class=\"elementor-widget-container\">\n\t\t\t<style>\/*! elementor - v3.14.0 - 18-06-2023 *\/\n.elementor-heading-title{padding:0;margin:0;line-height:1}.elementor-widget-heading .elementor-heading-title[class*=elementor-size-]>a{color:inherit;font-size:inherit;line-height:inherit}.elementor-widget-heading .elementor-heading-title.elementor-size-small{font-size:15px}.elementor-widget-heading .elementor-heading-title.elementor-size-medium{font-size:19px}.elementor-widget-heading .elementor-heading-title.elementor-size-large{font-size:29px}.elementor-widget-heading .elementor-heading-title.elementor-size-xl{font-size:39px}.elementor-widget-heading .elementor-heading-title.elementor-size-xxl{font-size:59px}<\/style><h1 class=\"elementor-heading-title elementor-size-default\">Tapahtumat<\/h1>\t\t<\/div>\n\t\t\t\t<\/div>\n\t\t\t\t<div class=\"elementor-element elementor-element-2d53f151 elementor-widget elementor-widget-heading\" data-id=\"2d53f151\" data-element_type=\"widget\" data-widget_type=\"heading.default\">\n\t\t\t\t<div class=\"elementor-widget-container\">\n\t\t\t<p class=\"elementor-heading-title elementor-size-default\">Minua voi kuulla useiden orkesterien riveiss\u00e4, mutta my\u00f6s kamarimuusikkona festivaaleilla ja erin\u00e4isill\u00e4 konserttilavoilla. T\u00e4\u00e4lt\u00e4 voi kurkistaa tulevia ja menneit\u00e4 konsertteja.<\/p>\t\t<\/div>\n\t\t\t\t<\/div>\n\t\t\t\t<div class=\"elementor-element elementor-element-490a5f99 premium-blog-align-left elementor-widget elementor-widget-premium-addon-blog\" data-id=\"490a5f99\" data-element_type=\"widget\" data-settings=\"{&quot;premium_blog_columns_number&quot;:&quot;100%&quot;,&quot;premium_blog_columns_number_tablet&quot;:&quot;100%&quot;,&quot;premium_blog_grid&quot;:&quot;yes&quot;,&quot;premium_blog_layout&quot;:&quot;even&quot;,&quot;premium_blog_columns_number_mobile&quot;:&quot;100%&quot;,&quot;scroll_to_offset&quot;:&quot;yes&quot;}\" data-widget_type=\"premium-addon-blog.default\">\n\t\t\t\t<div class=\"elementor-widget-container\">\n\t\t\t\r\n\t\t\t\t<div class=\"premium-blog-wrap  premium-blog-even\" data-page=\"53\" data-pagination=\"true\">\r\n\t\t\t\t\t<div class=\"premium-blog-post-outer-container\" data-total=\"7\">\r\n\t\t\t<div class=\"premium-blog-post-container premium-blog-skin-classic\">\r\n\t\t\t\t\t\t\t\t\t\t\t\t<div class=\"premium-blog-content-wrapper empty-thumb\">\r\n\r\n\t\t\t\t\t<div class=\"premium-blog-inner-container\">\r\n\r\n\t\t\t\t\t\t\t\t\t\t\t\t\t\t<h2 class=\"premium-blog-entry-title\">\r\n\t\t\t<a href=\"http:\/\/www.hannahujanen.com\/?p=1051\" target=\"_self\">\r\n\t\t\t\tAvanti! 18.4. &amp; 19.4.\t\t\t<\/a>\r\n\t\t<\/h2>\r\n\t\t\t\t<div class=\"premium-blog-entry-meta\">\r\n\t\t\t\r\n\t\t\t\r\n\t\t\t\t\t\t\t<span class=\"premium-blog-meta-separator\">\u2022<\/span>\r\n\t\t\t\t<div class=\"premium-blog-post-categories premium-blog-meta-data\">\r\n\t\t\t\t\t<i class=\"fa fa-align-left fa-fw\" aria-hidden=\"true\"><\/i>\r\n\t\t\t\t\t<a href=\"http:\/\/www.hannahujanen.com\/?cat=1\" rel=\"category\">Yleinen<\/a>\t\t\t\t<\/div>\r\n\t\t\t\r\n\t\t\t\t\t<\/div>\r\n\t\t\r\n\t\t\t\t\t<\/div>\r\n\r\n\t\t\t\t\t\t\t<div class=\"premium-blob-content-inner-wrapper\">\r\n\t\t<p class=\"premium-blog-post-content\">Tampere Biennale: Kitkaa, kahleita, katkoksia &#8211; Kamariorkesteri Avanti! La 18.4.\u00a0 klo 19\u00a0 @Raatihuone, Tampere Avantin suomalainen sunnuntai &#8211; Kamariorkesteri Avanti! Su 19.4. klo 19\u00a0 \u00a0@Temppeliaukion kirkko Ohjelma: Magnus Lindberg (*1958):<\/p><div class=\"premium-blog-excerpt-link-wrap\"><a href=\"http:\/\/www.hannahujanen.com\/?p=1051\" target=\"_self\" class=\"premium-blog-excerpt-link elementor-button\">Lue lis\u00e4\u00e4 \u00bb<\/a><\/div>\t\t <\/div>\r\n\t\t \t\t\t\t\t\r\n\t\t\t\t<\/div>\r\n\t\t\t<\/div>\r\n\t\t<\/div>\r\n\r\n\t\t\t\t<div class=\"premium-blog-post-outer-container\" data-total=\"7\">\r\n\t\t\t<div class=\"premium-blog-post-container premium-blog-skin-classic\">\r\n\t\t\t\t\t\t\t\t\t\t\t\t<div class=\"premium-blog-content-wrapper empty-thumb\">\r\n\r\n\t\t\t\t\t<div class=\"premium-blog-inner-container\">\r\n\r\n\t\t\t\t\t\t\t\t\t\t\t\t\t\t<h2 class=\"premium-blog-entry-title\">\r\n\t\t\t<a href=\"http:\/\/www.hannahujanen.com\/?p=1044\" target=\"_self\">\r\n\t\t\t\tIiro Rantala: Veneziana 27.3.26\t\t\t<\/a>\r\n\t\t<\/h2>\r\n\t\t\t\t<div class=\"premium-blog-entry-meta\">\r\n\t\t\t\r\n\t\t\t\r\n\t\t\t\t\t\t\t<span class=\"premium-blog-meta-separator\">\u2022<\/span>\r\n\t\t\t\t<div class=\"premium-blog-post-categories premium-blog-meta-data\">\r\n\t\t\t\t\t<i class=\"fa fa-align-left fa-fw\" aria-hidden=\"true\"><\/i>\r\n\t\t\t\t\t<a href=\"http:\/\/www.hannahujanen.com\/?cat=1\" rel=\"category\">Yleinen<\/a>\t\t\t\t<\/div>\r\n\t\t\t\r\n\t\t\t\t\t<\/div>\r\n\t\t\r\n\t\t\t\t\t<\/div>\r\n\r\n\t\t\t\t\t\t\t<div class=\"premium-blob-content-inner-wrapper\">\r\n\t\t<p class=\"premium-blog-post-content\">Tapahtumat &#8211; Porvoo \u00a0 Pe 27.3.2026\u00a0 \u00a0klo 19 @Taidetehdas, Porvoo Klassikot-sarjan toisessa konsertissa esiintyy Iiro Rantala, jonka tekemisess\u00e4 yhdistyy poikkeuksellisella tavalla huiman taitava tekninen soitto sek\u00e4 vauhdikas viihdytt\u00e4vyys. Iiron Veneziana<\/p><div class=\"premium-blog-excerpt-link-wrap\"><a href=\"http:\/\/www.hannahujanen.com\/?p=1044\" target=\"_self\" class=\"premium-blog-excerpt-link elementor-button\">Lue lis\u00e4\u00e4 \u00bb<\/a><\/div>\t\t <\/div>\r\n\t\t \t\t\t\t\t\r\n\t\t\t\t<\/div>\r\n\t\t\t<\/div>\r\n\t\t<\/div>\r\n\r\n\t\t\t\t<div class=\"premium-blog-post-outer-container\" data-total=\"7\">\r\n\t\t\t<div class=\"premium-blog-post-container premium-blog-skin-classic\">\r\n\t\t\t\t\t\t\t\t\t\t\t\t<div class=\"premium-blog-content-wrapper empty-thumb\">\r\n\r\n\t\t\t\t\t<div class=\"premium-blog-inner-container\">\r\n\r\n\t\t\t\t\t\t\t\t\t\t\t\t\t\t<h2 class=\"premium-blog-entry-title\">\r\n\t\t\t<a href=\"http:\/\/www.hannahujanen.com\/?p=1024\" target=\"_self\">\r\n\t\t\t\tKaustisen Kamarimusiikkiviikko 23.-31.1.26\t\t\t<\/a>\r\n\t\t<\/h2>\r\n\t\t\t\t<div class=\"premium-blog-entry-meta\">\r\n\t\t\t\r\n\t\t\t\r\n\t\t\t\t\t\t\t<span class=\"premium-blog-meta-separator\">\u2022<\/span>\r\n\t\t\t\t<div class=\"premium-blog-post-categories premium-blog-meta-data\">\r\n\t\t\t\t\t<i class=\"fa fa-align-left fa-fw\" aria-hidden=\"true\"><\/i>\r\n\t\t\t\t\t<a href=\"http:\/\/www.hannahujanen.com\/?cat=1\" rel=\"category\">Yleinen<\/a>\t\t\t\t<\/div>\r\n\t\t\t\r\n\t\t\t\t\t<\/div>\r\n\t\t\r\n\t\t\t\t\t<\/div>\r\n\r\n\t\t\t\t\t\t\t<div class=\"premium-blob-content-inner-wrapper\">\r\n\t\t<p class=\"premium-blog-post-content\">OHJELMA | KAUSTISEN KAMARIMUSIIKKIVIIKKO \u00a0 @Pelimannitalo @Kaustisen kirkko @Vintturin kyl\u00e4talo @Kaustinen-sali ja Kalliosali, Kansantateenkeskus Ohjelman voisi tiivist\u00e4\u00e4 vaikkapa t\u00e4llaisilla tavoilla:1) V\u00e4hint\u00e4\u00e4n 30:n eri s\u00e4velt\u00e4j\u00e4n musiikkia 1600-luvulta kantaesityksiin ainakin parillakymmenell\u00e4 eri<\/p><div class=\"premium-blog-excerpt-link-wrap\"><a href=\"http:\/\/www.hannahujanen.com\/?p=1024\" target=\"_self\" class=\"premium-blog-excerpt-link elementor-button\">Lue lis\u00e4\u00e4 \u00bb<\/a><\/div>\t\t <\/div>\r\n\t\t \t\t\t\t\t\r\n\t\t\t\t<\/div>\r\n\t\t\t<\/div>\r\n\t\t<\/div>\r\n\r\n\t\t\t\t<div class=\"premium-blog-post-outer-container\" data-total=\"7\">\r\n\t\t\t<div class=\"premium-blog-post-container premium-blog-skin-classic\">\r\n\t\t\t\t\t\t\t\t\t\t\t\t<div class=\"premium-blog-content-wrapper empty-thumb\">\r\n\r\n\t\t\t\t\t<div class=\"premium-blog-inner-container\">\r\n\r\n\t\t\t\t\t\t\t\t\t\t\t\t\t\t<h2 class=\"premium-blog-entry-title\">\r\n\t\t\t<a href=\"http:\/\/www.hannahujanen.com\/?p=1014\" target=\"_self\">\r\n\t\t\t\tSuomalainen Kamariorkesteri: Talvikonsertti 16.12.25\t\t\t<\/a>\r\n\t\t<\/h2>\r\n\t\t\t\t<div class=\"premium-blog-entry-meta\">\r\n\t\t\t\r\n\t\t\t\r\n\t\t\t\t\t\t\t<span class=\"premium-blog-meta-separator\">\u2022<\/span>\r\n\t\t\t\t<div class=\"premium-blog-post-categories premium-blog-meta-data\">\r\n\t\t\t\t\t<i class=\"fa fa-align-left fa-fw\" aria-hidden=\"true\"><\/i>\r\n\t\t\t\t\t<a href=\"http:\/\/www.hannahujanen.com\/?cat=1\" rel=\"category\">Yleinen<\/a>\t\t\t\t<\/div>\r\n\t\t\t\r\n\t\t\t\t\t<\/div>\r\n\t\t\r\n\t\t\t\t\t<\/div>\r\n\r\n\t\t\t\t\t\t\t<div class=\"premium-blob-content-inner-wrapper\">\r\n\t\t<p class=\"premium-blog-post-content\">iS\u00e4ken\u00f6iv\u00e4\u00e4 musiikkia Ti 16.12.\u00a0 klo 19 @Ritarihuone, Helsinki Suomalainen kamariorkesteri ja Kauniaisten musiikkijuhlat j\u00e4rjest\u00e4v\u00e4t yhteisty\u00f6ss\u00e4 tunnelmallisen talvikonsertin Helsingin Ritarihuoneella. Solistina hurmaa 22-vuotias ranskalais-suomalainen mezzosopraano Elsa Angervo, joka voitti t\u00e4m\u00e4n vuoden<\/p><div class=\"premium-blog-excerpt-link-wrap\"><a href=\"http:\/\/www.hannahujanen.com\/?p=1014\" target=\"_self\" class=\"premium-blog-excerpt-link elementor-button\">Lue lis\u00e4\u00e4 \u00bb<\/a><\/div>\t\t <\/div>\r\n\t\t \t\t\t\t\t\r\n\t\t\t\t<\/div>\r\n\t\t\t<\/div>\r\n\t\t<\/div>\r\n\r\n\t\t\t\t<\/div>\r\n\r\n\t\t\t\t<div class=\"premium-blog-footer\">\r\n\t\t\t\t\t\t<nav class=\"premium-blog-pagination-container\" role=\"navigation\" aria-label=\"Pagination\">\r\n\t\t\t\t<span aria-current=\"page\" class=\"page-numbers current\">1<\/span>\n<a class=\"page-numbers\" href=\"http:\/\/www.hannahujanen.com\/index.php\/?paged=2&#038;rest_route=%2Fwp%2Fv2%2Fpages%2F53\">2<\/a>\n<a class=\"page-numbers\" href=\"http:\/\/www.hannahujanen.com\/index.php\/?paged=3&#038;rest_route=%2Fwp%2Fv2%2Fpages%2F53\">3<\/a>\n<span class=\"page-numbers dots\">&hellip;<\/span>\n<a class=\"page-numbers\" href=\"http:\/\/www.hannahujanen.com\/index.php\/?paged=7&#038;rest_route=%2Fwp%2Fv2%2Fpages%2F53\">7<\/a>\n<a class=\"next page-numbers\" href=\"http:\/\/www.hannahujanen.com\/index.php\/?paged=2&#038;rest_route=%2Fwp%2Fv2%2Fpages%2F53\">Seuraavat \u00bb<\/a>\t\t\t<\/nav>\r\n\t\t\t\t\t<\/div>\r\n\t\t\t\t\t<\/div>\n\t\t\t\t<\/div>\n\t\t\t\t\t<\/div>\n\t\t<\/div>\n\t\t\t\t<div class=\"elementor-column elementor-col-50 elementor-top-column elementor-element elementor-element-7e774872\" data-id=\"7e774872\" data-element_type=\"column\" data-settings=\"{&quot;background_background&quot;:&quot;classic&quot;}\">\n\t\t\t<div class=\"elementor-widget-wrap elementor-element-populated\">\n\t\t\t\t\t\t\t\t<div class=\"elementor-element elementor-element-5304b89b elementor-widget elementor-widget-image\" data-id=\"5304b89b\" data-element_type=\"widget\" data-widget_type=\"image.default\">\n\t\t\t\t<div class=\"elementor-widget-container\">\n\t\t\t<style>\/*! elementor - v3.14.0 - 18-06-2023 *\/\n.elementor-widget-image{text-align:center}.elementor-widget-image a{display:inline-block}.elementor-widget-image a img[src$=\".svg\"]{width:48px}.elementor-widget-image img{vertical-align:middle;display:inline-block}<\/style>\t\t\t\t\t\t\t\t\t<figure class=\"wp-caption\">\n\t\t\t\t\t\t\t\t\t\t<img loading=\"lazy\" decoding=\"async\" width=\"1707\" height=\"2560\" src=\"http:\/\/www.hannahujanen.com\/wp-content\/uploads\/2025\/04\/Hanna-Hujanen-Patrik-Stenstrom-3-scaled.jpg\" class=\"attachment-full size-full wp-image-892\" alt=\"\" srcset=\"http:\/\/www.hannahujanen.com\/wp-content\/uploads\/2025\/04\/Hanna-Hujanen-Patrik-Stenstrom-3-scaled.jpg 1707w, http:\/\/www.hannahujanen.com\/wp-content\/uploads\/2025\/04\/Hanna-Hujanen-Patrik-Stenstrom-3-200x300.jpg 200w, http:\/\/www.hannahujanen.com\/wp-content\/uploads\/2025\/04\/Hanna-Hujanen-Patrik-Stenstrom-3-683x1024.jpg 683w, http:\/\/www.hannahujanen.com\/wp-content\/uploads\/2025\/04\/Hanna-Hujanen-Patrik-Stenstrom-3-768x1152.jpg 768w, http:\/\/www.hannahujanen.com\/wp-content\/uploads\/2025\/04\/Hanna-Hujanen-Patrik-Stenstrom-3-1024x1536.jpg 1024w, http:\/\/www.hannahujanen.com\/wp-content\/uploads\/2025\/04\/Hanna-Hujanen-Patrik-Stenstrom-3-1365x2048.jpg 1365w\" sizes=\"auto, (max-width: 1707px) 100vw, 1707px\" \/>\t\t\t\t\t\t\t\t\t\t\t<figcaption class=\"widget-image-caption wp-caption-text\">Kuva: Patrik Stenstr\u00f6m<\/figcaption>\n\t\t\t\t\t\t\t\t\t\t<\/figure>\n\t\t\t\t\t\t\t\t\t<\/div>\n\t\t\t\t<\/div>\n\t\t\t\t\t<\/div>\n\t\t<\/div>\n\t\t\t\t\t\t\t<\/div>\n\t\t<\/section>\n\t\t\t\t<section class=\"elementor-section elementor-top-section elementor-element elementor-element-7c87ceb2 elementor-section-boxed elementor-section-height-default elementor-section-height-default\" data-id=\"7c87ceb2\" data-element_type=\"section\">\n\t\t\t\t\t\t<div class=\"elementor-container elementor-column-gap-default\">\n\t\t\t\t\t<div class=\"elementor-column elementor-col-100 elementor-top-column elementor-element elementor-element-2b18d4c8\" data-id=\"2b18d4c8\" data-element_type=\"column\">\n\t\t\t<div class=\"elementor-widget-wrap elementor-element-populated\">\n\t\t\t\t\t\t\t\t<div class=\"elementor-element elementor-element-3f300285 elementor-position-top elementor-view-default elementor-mobile-position-top elementor-vertical-align-top elementor-widget elementor-widget-icon-box\" data-id=\"3f300285\" data-element_type=\"widget\" data-widget_type=\"icon-box.default\">\n\t\t\t\t<div class=\"elementor-widget-container\">\n\t\t\t<link rel=\"stylesheet\" href=\"http:\/\/www.hannahujanen.com\/wp-content\/plugins\/elementor\/assets\/css\/widget-icon-box.min.css\">\t\t<div class=\"elementor-icon-box-wrapper\">\n\t\t\t\t\t\t<div class=\"elementor-icon-box-icon\">\n\t\t\t\t<a class=\"elementor-icon elementor-animation-\" href=\"https:\/\/www.facebook.com\/hanna.hujanen.944\/\">\n\t\t\t\t<i aria-hidden=\"true\" class=\"fab fa-facebook-square\"><\/i>\t\t\t\t<\/a>\n\t\t\t<\/div>\n\t\t\t\t\t\t<div class=\"elementor-icon-box-content\">\n\t\t\t\t<h5 class=\"elementor-icon-box-title\">\n\t\t\t\t\t<a href=\"https:\/\/www.facebook.com\/hanna.hujanen.944\/\" >\n\t\t\t\t\t\tSeuraa Facebookissa\t\t\t\t\t<\/a>\n\t\t\t\t<\/h5>\n\t\t\t\t\t\t\t<\/div>\n\t\t<\/div>\n\t\t\t\t<\/div>\n\t\t\t\t<\/div>\n\t\t\t\t\t<\/div>\n\t\t<\/div>\n\t\t\t\t\t\t\t<\/div>\n\t\t<\/section>\n\t\t\t\t<section class=\"elementor-section elementor-top-section elementor-element elementor-element-dfedddd elementor-section-boxed elementor-section-height-default elementor-section-height-default\" data-id=\"dfedddd\" data-element_type=\"section\">\n\t\t\t\t\t\t<div class=\"elementor-container elementor-column-gap-default\">\n\t\t\t\t\t<div class=\"elementor-column elementor-col-100 elementor-top-column elementor-element elementor-element-a1829f6\" data-id=\"a1829f6\" data-element_type=\"column\">\n\t\t\t<div class=\"elementor-widget-wrap elementor-element-populated\">\n\t\t\t\t\t\t\t\t<div class=\"elementor-element elementor-element-b3c0f48 elementor-view-default elementor-mobile-position-top elementor-vertical-align-top elementor-widget elementor-widget-icon-box\" data-id=\"b3c0f48\" data-element_type=\"widget\" data-widget_type=\"icon-box.default\">\n\t\t\t\t<div class=\"elementor-widget-container\">\n\t\t\t\t\t<div class=\"elementor-icon-box-wrapper\">\n\t\t\t\t\t\t<div class=\"elementor-icon-box-icon\">\n\t\t\t\t<a class=\"elementor-icon elementor-animation-\" href=\"https:\/\/www.instagram.com\/hahujanen\/\">\n\t\t\t\t<i aria-hidden=\"true\" class=\"fab fa-instagram\"><\/i>\t\t\t\t<\/a>\n\t\t\t<\/div>\n\t\t\t\t\t\t<div class=\"elementor-icon-box-content\">\n\t\t\t\t<h5 class=\"elementor-icon-box-title\">\n\t\t\t\t\t<a href=\"https:\/\/www.instagram.com\/hahujanen\/\" >\n\t\t\t\t\t\tTAI INSTAGRAMISSA\t\t\t\t\t<\/a>\n\t\t\t\t<\/h5>\n\t\t\t\t\t\t\t<\/div>\n\t\t<\/div>\n\t\t\t\t<\/div>\n\t\t\t\t<\/div>\n\t\t\t\t\t<\/div>\n\t\t<\/div>\n\t\t\t\t\t\t\t<\/div>\n\t\t<\/section>\n\t\t\t\t\t\t\t<\/div>\n\t\t","protected":false},"excerpt":{"rendered":"<p>Tapahtumat Minua voi kuulla useiden orkesterien riveiss\u00e4, mutta my\u00f6s kamarimuusikkona festivaaleilla ja erin\u00e4isill\u00e4 konserttilavoilla. T\u00e4\u00e4lt\u00e4 voi kurkistaa tulevia ja menneit\u00e4 konsertteja. Kes\u00e4 &#8211; Summer 2025 \u2022 Yleinen Naantalin Musiikkijuhlat &#8211; Tapiola Sinfonietta 13.6. JOY OF LIFE &#8211; Naantalin Musiikkijuhlat Hauhon Musiikkijuhlat 5.7. Ohjelma \u2013 Hauhon musiikkijuhlat Kuhmon Kamarimusiikki &#8211; Pohjoinen Utopia 13. &#8211; 27.7. Ohjelma [&hellip;]<\/p>\n","protected":false},"author":3,"featured_media":0,"parent":0,"menu_order":0,"comment_status":"closed","ping_status":"closed","template":"elementor_header_footer","meta":{"footnotes":""},"class_list":["post-53","page","type-page","status-publish","hentry"],"_links":{"self":[{"href":"http:\/\/www.hannahujanen.com\/index.php?rest_route=\/wp\/v2\/pages\/53","targetHints":{"allow":["GET"]}}],"collection":[{"href":"http:\/\/www.hannahujanen.com\/index.php?rest_route=\/wp\/v2\/pages"}],"about":[{"href":"http:\/\/www.hannahujanen.com\/index.php?rest_route=\/wp\/v2\/types\/page"}],"author":[{"embeddable":true,"href":"http:\/\/www.hannahujanen.com\/index.php?rest_route=\/wp\/v2\/users\/3"}],"replies":[{"embeddable":true,"href":"http:\/\/www.hannahujanen.com\/index.php?rest_route=%2Fwp%2Fv2%2Fcomments&post=53"}],"version-history":[{"count":70,"href":"http:\/\/www.hannahujanen.com\/index.php?rest_route=\/wp\/v2\/pages\/53\/revisions"}],"predecessor-version":[{"id":895,"href":"http:\/\/www.hannahujanen.com\/index.php?rest_route=\/wp\/v2\/pages\/53\/revisions\/895"}],"wp:attachment":[{"href":"http:\/\/www.hannahujanen.com\/index.php?rest_route=%2Fwp%2Fv2%2Fmedia&parent=53"}],"curies":[{"name":"wp","href":"https:\/\/api.w.org\/{rel}","templated":true}]}}